{"id":165,"date":"2024-10-09T04:33:25","date_gmt":"2024-10-09T04:33:25","guid":{"rendered":"https:\/\/tutiendatecnologica.com\/?post_type=product&#038;p=165"},"modified":"2024-10-11T19:51:24","modified_gmt":"2024-10-11T19:51:24","slug":"celular-xiaomredmi-note-12-pro-256gb-8gb-ram-camara-principal-108mp8mp2mp2mp-frontal-16mp-6-67-gris","status":"publish","type":"product","link":"https:\/\/tutiendatecnologica.com\/index.php\/producto\/celular-xiaomredmi-note-12-pro-256gb-8gb-ram-camara-principal-108mp8mp2mp2mp-frontal-16mp-6-67-gris\/","title":{"rendered":"XiaomRedmi Note 12 Pro 256GB, 8GB ram, c\u00e1mara principal 108MP+8MP+2MP+2MP, frontal 16MP, 6.67&#8243;, gris"},"content":{"rendered":"<p>Caracter\u00edsticas del Xiaomi Note 12 Pro 256GB, 8GB ram<\/p>\n<p>C\u00e1mara principal: 108 + 8 + 2 + 2 MP<br \/>\nC\u00e1mara frontal: 16 MP<br \/>\nMemoria Interna: 256 GB<br \/>\nMemoria RAM: 8 GB<br \/>\nTama\u00f1o de pantalla: 6.67&#8243;<br \/>\nSistema operativo: Android<br \/>\nProcesador: Snapdragon 732G<br \/>\nBater\u00eda: 5000 mAh<\/p>\n","protected":false},"excerpt":{"rendered":"<p>Este Xiaomi Redmi Note 12 Pro cuenta con una gran capacidad que te permite almacenar tus apps y las fotos de tus mejores momentos.<br \/>\nToma fotograf\u00edas en todo momento y guarda tus mejores recuerdos gracias a sus c\u00e1maras de 108+8+2+2MP y c\u00e1mara frontal de 16 MP.<br \/>\nMantente conectado con tus amigos a trav\u00e9s de todas tus aplicaciones. El Xiaomi Redmi Note 12 Pro cuenta con una memoria interna de 256 GB y 8 GB de memoria RAM.<\/p>\n","protected":false},"featured_media":166,"comment_status":"open","ping_status":"closed","template":"","meta":{"site-sidebar-layout":"default","site-content-layout":"","ast-site-content-layout":"default","site-content-style":"default","site-sidebar-style":"default","ast-global-header-display":"","ast-banner-title-visibility":"","ast-main-header-display":"","ast-hfb-above-header-display":"","ast-hfb-below-header-display":"","ast-hfb-mobile-header-display":"","site-post-title":"","ast-breadcrumbs-content":"","ast-featured-img":"","footer-sml-layout":"","theme-transparent-header-meta":"default","adv-header-id-meta":"","stick-header-meta":"","header-above-stick-meta":"","header-main-stick-meta":"","header-below-stick-meta":"","astra-migrate-meta-layouts":"set","ast-page-background-enabled":"default","ast-page-background-meta":{"desktop":{"background-color":"var(--ast-global-color-4)","background-image":"","background-repeat":"repeat","background-position":"center center","background-size":"auto","background-attachment":"scroll","background-type":"","background-media":"","overlay-type":"","overlay-color":"","overlay-opacity":"","overlay-gradient":""},"tablet":{"background-color":"","background-image":"","background-repeat":"repeat","background-position":"center center","background-size":"auto","background-attachment":"scroll","background-type":"","background-media":"","overlay-type":"","overlay-color":"","overlay-opacity":"","overlay-gradient":""},"mobile":{"background-color":"","background-image":"","background-repeat":"repeat","background-position":"center center","background-size":"auto","background-attachment":"scroll","background-type":"","background-media":"","overlay-type":"","overlay-color":"","overlay-opacity":"","overlay-gradient":""}},"ast-content-background-meta":{"desktop":{"background-color":"var(--ast-global-color-5)","background-image":"","background-repeat":"repeat","background-position":"center center","background-size":"auto","background-attachment":"scroll","background-type":"","background-media":"","overlay-type":"","overlay-color":"","overlay-opacity":"","overlay-gradient":""},"tablet":{"background-color":"var(--ast-global-color-5)","background-image":"","background-repeat":"repeat","background-position":"center center","background-size":"auto","background-attachment":"scroll","background-type":"","background-media":"","overlay-type":"","overlay-color":"","overlay-opacity":"","overlay-gradient":""},"mobile":{"background-color":"var(--ast-global-color-5)","background-image":"","background-repeat":"repeat","background-position":"center center","background-size":"auto","background-attachment":"scroll","background-type":"","background-media":"","overlay-type":"","overlay-color":"","overlay-opacity":"","overlay-gradient":""}}},"product_brand":[],"product_cat":[20],"product_tag":[],"class_list":{"0":"post-165","1":"product","2":"type-product","3":"status-publish","4":"has-post-thumbnail","6":"product_cat-celulares","7":"desktop-align-left","8":"tablet-align-left","9":"mobile-align-left","11":"first","12":"instock","13":"sale","14":"shipping-taxable","15":"purchasable","16":"product-type-simple"},"_links":{"self":[{"href":"https:\/\/tutiendatecnologica.com\/index.php\/wp-json\/wp\/v2\/product\/165","targetHints":{"allow":["GET"]}}],"collection":[{"href":"https:\/\/tutiendatecnologica.com\/index.php\/wp-json\/wp\/v2\/product"}],"about":[{"href":"https:\/\/tutiendatecnologica.com\/index.php\/wp-json\/wp\/v2\/types\/product"}],"replies":[{"embeddable":true,"href":"https:\/\/tutiendatecnologica.com\/index.php\/wp-json\/wp\/v2\/comments?post=165"}],"wp:featuredmedia":[{"embeddable":true,"href":"https:\/\/tutiendatecnologica.com\/index.php\/wp-json\/wp\/v2\/media\/166"}],"wp:attachment":[{"href":"https:\/\/tutiendatecnologica.com\/index.php\/wp-json\/wp\/v2\/media?parent=165"}],"wp:term":[{"taxonomy":"product_brand","embeddable":true,"href":"https:\/\/tutiendatecnologica.com\/index.php\/wp-json\/wp\/v2\/product_brand?post=165"},{"taxonomy":"product_cat","embeddable":true,"href":"https:\/\/tutiendatecnologica.com\/index.php\/wp-json\/wp\/v2\/product_cat?post=165"},{"taxonomy":"product_tag","embeddable":true,"href":"https:\/\/tutiendatecnologica.com\/index.php\/wp-json\/wp\/v2\/product_tag?post=165"}],"curies":[{"name":"wp","href":"https:\/\/api.w.org\/{rel}","templated":true}]}}