{"id":170,"date":"2024-10-09T04:42:14","date_gmt":"2024-10-09T04:42:14","guid":{"rendered":"https:\/\/tutiendatecnologica.com\/?post_type=product&#038;p=170"},"modified":"2024-10-09T04:54:10","modified_gmt":"2024-10-09T04:54:10","slug":"xiaomi-redmi-a3x-4gb-ram-128gb-rom-camara-posterior-8mp","status":"publish","type":"product","link":"https:\/\/tutiendatecnologica.com\/index.php\/producto\/xiaomi-redmi-a3x-4gb-ram-128gb-rom-camara-posterior-8mp\/","title":{"rendered":"Xiaomi Redmi A3X, 4GB RAM, 128GB ROM, C\u00e1mara Posterior 8MP-Bater\u00eda: 5000mAh"},"content":{"rendered":"<p>Especificaciones<br \/>\nMarca: REDMI<br \/>\nModelo: A3X<br \/>\nProcesador: Unisoc T603 1.8 GHz<br \/>\nAlmacenamiento: 128GB<br \/>\nMemoria RAM:4GB<br \/>\nPantalla:6.71&#8243; (1650 x 720)<br \/>\nRed Inal\u00e1mbrica: 2.4GHz Wi-Fi<br \/>\nRed Local: Bluetooth 4.2<br \/>\nC\u00e1mara Principal: 8 MP, f\/2.0, gran angular \/ 0,08 MP lente auxiliar. Flash LED. HDR.<br \/>\nC\u00e1mara Principal VIDEO: 1080p a 30 fps.<br \/>\nC\u00e1mara Selfie IMAGEN: 5 MP, f\/2.2, gran angular.<br \/>\nC\u00e1mara Selfie VIDEO: 1080p a 30 fps.<br \/>\nMicr\u00f3fono: Intergrado<br \/>\nBater\u00eda: 5000mAh<br \/>\nAdaptador: USB Type-C<br \/>\nSistema Operativo:Android 12<br \/>\nConectividad: Dual SIM<br \/>\ncolor:Negro<\/p>\n","protected":false},"excerpt":{"rendered":"<p>El\u00a0<strong>Xiaomi Redmi A3x<\/strong>\u00a0cuenta con una pantalla HD+ de 6.71 pulgadas. Por dentro encontramos un procesador Unisoc T603 acompa\u00f1ado de 4GB de RAM con hasta 128GB de almacenamiento interno expandible v\u00eda microSD. Su c\u00e1mara dual trasera tiene un sensor principal de 8MP, tiene una bater\u00eda de 5000 mAh, lector de huellas lateral, y corre Android 14.<\/p>\n","protected":false},"featured_media":171,"comment_status":"open","ping_status":"closed","template":"","meta":{"site-sidebar-layout":"default","site-content-layout":"","ast-site-content-layout":"default","site-content-style":"default","site-sidebar-style":"default","ast-global-header-display":"","ast-banner-title-visibility":"","ast-main-header-display":"","ast-hfb-above-header-display":"","ast-hfb-below-header-display":"","ast-hfb-mobile-header-display":"","site-post-title":"","ast-breadcrumbs-content":"","ast-featured-img":"","footer-sml-layout":"","theme-transparent-header-meta":"default","adv-header-id-meta":"","stick-header-meta":"","header-above-stick-meta":"","header-main-stick-meta":"","header-below-stick-meta":"","astra-migrate-meta-layouts":"set","ast-page-background-enabled":"default","ast-page-background-meta":{"desktop":{"background-color":"var(--ast-global-color-4)","background-image":"","background-repeat":"repeat","background-position":"center center","background-size":"auto","background-attachment":"scroll","background-type":"","background-media":"","overlay-type":"","overlay-color":"","overlay-opacity":"","overlay-gradient":""},"tablet":{"background-color":"","background-image":"","background-repeat":"repeat","background-position":"center center","background-size":"auto","background-attachment":"scroll","background-type":"","background-media":"","overlay-type":"","overlay-color":"","overlay-opacity":"","overlay-gradient":""},"mobile":{"background-color":"","background-image":"","background-repeat":"repeat","background-position":"center center","background-size":"auto","background-attachment":"scroll","background-type":"","background-media":"","overlay-type":"","overlay-color":"","overlay-opacity":"","overlay-gradient":""}},"ast-content-background-meta":{"desktop":{"background-color":"var(--ast-global-color-5)","background-image":"","background-repeat":"repeat","background-position":"center center","background-size":"auto","background-attachment":"scroll","background-type":"","background-media":"","overlay-type":"","overlay-color":"","overlay-opacity":"","overlay-gradient":""},"tablet":{"background-color":"var(--ast-global-color-5)","background-image":"","background-repeat":"repeat","background-position":"center center","background-size":"auto","background-attachment":"scroll","background-type":"","background-media":"","overlay-type":"","overlay-color":"","overlay-opacity":"","overlay-gradient":""},"mobile":{"background-color":"var(--ast-global-color-5)","background-image":"","background-repeat":"repeat","background-position":"center center","background-size":"auto","background-attachment":"scroll","background-type":"","background-media":"","overlay-type":"","overlay-color":"","overlay-opacity":"","overlay-gradient":""}}},"product_brand":[],"product_cat":[20],"product_tag":[],"class_list":{"0":"post-170","1":"product","2":"type-product","3":"status-publish","4":"has-post-thumbnail","6":"product_cat-celulares","7":"desktop-align-left","8":"tablet-align-left","9":"mobile-align-left","11":"first","12":"instock","13":"sale","14":"shipping-taxable","15":"purchasable","16":"product-type-simple"},"_links":{"self":[{"href":"https:\/\/tutiendatecnologica.com\/index.php\/wp-json\/wp\/v2\/product\/170","targetHints":{"allow":["GET"]}}],"collection":[{"href":"https:\/\/tutiendatecnologica.com\/index.php\/wp-json\/wp\/v2\/product"}],"about":[{"href":"https:\/\/tutiendatecnologica.com\/index.php\/wp-json\/wp\/v2\/types\/product"}],"replies":[{"embeddable":true,"href":"https:\/\/tutiendatecnologica.com\/index.php\/wp-json\/wp\/v2\/comments?post=170"}],"wp:featuredmedia":[{"embeddable":true,"href":"https:\/\/tutiendatecnologica.com\/index.php\/wp-json\/wp\/v2\/media\/171"}],"wp:attachment":[{"href":"https:\/\/tutiendatecnologica.com\/index.php\/wp-json\/wp\/v2\/media?parent=170"}],"wp:term":[{"taxonomy":"product_brand","embeddable":true,"href":"https:\/\/tutiendatecnologica.com\/index.php\/wp-json\/wp\/v2\/product_brand?post=170"},{"taxonomy":"product_cat","embeddable":true,"href":"https:\/\/tutiendatecnologica.com\/index.php\/wp-json\/wp\/v2\/product_cat?post=170"},{"taxonomy":"product_tag","embeddable":true,"href":"https:\/\/tutiendatecnologica.com\/index.php\/wp-json\/wp\/v2\/product_tag?post=170"}],"curies":[{"name":"wp","href":"https:\/\/api.w.org\/{rel}","templated":true}]}}