{"id":194,"date":"2024-10-12T01:31:54","date_gmt":"2024-10-12T01:31:54","guid":{"rendered":"https:\/\/tutiendatecnologica.com\/?post_type=product&#038;p=194"},"modified":"2024-10-12T01:31:54","modified_gmt":"2024-10-12T01:31:54","slug":"teclado-micronics-vanquish-mic-fk1003-gaming-negro-mecanico-switch-azul-tkl100-led-rgb","status":"publish","type":"product","link":"https:\/\/tutiendatecnologica.com\/index.php\/producto\/teclado-micronics-vanquish-mic-fk1003-gaming-negro-mecanico-switch-azul-tkl100-led-rgb\/","title":{"rendered":"TECLADO MICRONICS VANQUISH ( MIC FK1003 ) GAMING | NEGRO | MECANICO | SWITCH AZUL | TKL100% | LED- RGB"},"content":{"rendered":"<p>CARACTERISTICAS<br \/>\nTeclado Mec\u00e1nico RGB.<br \/>\nM\u00e1s de 20 Modos de Iluminaci\u00f3n RGB.<br \/>\nBloqueo de Teclas Windows y Men\u00fa.<br \/>\nTeclas Multimedia: 12 + 4.<br \/>\nMaterial de Fabricaci\u00f3n: Aleaci\u00f3n de Aluminio.<br \/>\nIncluye: Reposa Mu\u00f1ecas.<br \/>\nIluminaci\u00f3n LED RGB Personalizable en Fondo, Teclas y Borde.<br \/>\nPulsadores Mec\u00e1nicos Azules T\u00e1ctiles.<br \/>\nBase con Peso Extra Para Mayor Estabilidad.<br \/>\nDistribuci\u00f3n de Teclas: Espa\u00f1ol Espa\u00f1a.<br \/>\nIdioma: Espa\u00f1ol Internacional.<\/p>\n","protected":false},"excerpt":{"rendered":"<p>Teclado Mec\u00e1nico RGB.<br \/>\nM\u00e1s de 20 Modos de Iluminaci\u00f3n RGB.<br \/>\nBloqueo de Teclas Windows y Men\u00fa.<br \/>\nMaterial de Fabricaci\u00f3n: Aleaci\u00f3n de Aluminio.<br \/>\nIluminaci\u00f3n LED RGB Personalizable en Fondo, Teclas y Borde.<br \/>\nPulsadores Mec\u00e1nicos Azules T\u00e1ctiles.<\/p>\n","protected":false},"featured_media":200,"comment_status":"open","ping_status":"closed","template":"","meta":{"site-sidebar-layout":"default","site-content-layout":"","ast-site-content-layout":"default","site-content-style":"default","site-sidebar-style":"default","ast-global-header-display":"","ast-banner-title-visibility":"","ast-main-header-display":"","ast-hfb-above-header-display":"","ast-hfb-below-header-display":"","ast-hfb-mobile-header-display":"","site-post-title":"","ast-breadcrumbs-content":"","ast-featured-img":"","footer-sml-layout":"","theme-transparent-header-meta":"default","adv-header-id-meta":"","stick-header-meta":"","header-above-stick-meta":"","header-main-stick-meta":"","header-below-stick-meta":"","astra-migrate-meta-layouts":"set","ast-page-background-enabled":"default","ast-page-background-meta":{"desktop":{"background-color":"var(--ast-global-color-4)","background-image":"","background-repeat":"repeat","background-position":"center center","background-size":"auto","background-attachment":"scroll","background-type":"","background-media":"","overlay-type":"","overlay-color":"","overlay-opacity":"","overlay-gradient":""},"tablet":{"background-color":"","background-image":"","background-repeat":"repeat","background-position":"center center","background-size":"auto","background-attachment":"scroll","background-type":"","background-media":"","overlay-type":"","overlay-color":"","overlay-opacity":"","overlay-gradient":""},"mobile":{"background-color":"","background-image":"","background-repeat":"repeat","background-position":"center center","background-size":"auto","background-attachment":"scroll","background-type":"","background-media":"","overlay-type":"","overlay-color":"","overlay-opacity":"","overlay-gradient":""}},"ast-content-background-meta":{"desktop":{"background-color":"var(--ast-global-color-5)","background-image":"","background-repeat":"repeat","background-position":"center center","background-size":"auto","background-attachment":"scroll","background-type":"","background-media":"","overlay-type":"","overlay-color":"","overlay-opacity":"","overlay-gradient":""},"tablet":{"background-color":"var(--ast-global-color-5)","background-image":"","background-repeat":"repeat","background-position":"center center","background-size":"auto","background-attachment":"scroll","background-type":"","background-media":"","overlay-type":"","overlay-color":"","overlay-opacity":"","overlay-gradient":""},"mobile":{"background-color":"var(--ast-global-color-5)","background-image":"","background-repeat":"repeat","background-position":"center center","background-size":"auto","background-attachment":"scroll","background-type":"","background-media":"","overlay-type":"","overlay-color":"","overlay-opacity":"","overlay-gradient":""}}},"product_brand":[],"product_cat":[22],"product_tag":[],"class_list":{"0":"post-194","1":"product","2":"type-product","3":"status-publish","4":"has-post-thumbnail","6":"product_cat-teclado-mecanicos","7":"desktop-align-left","8":"tablet-align-left","9":"mobile-align-left","11":"first","12":"instock","13":"sale","14":"shipping-taxable","15":"purchasable","16":"product-type-simple"},"_links":{"self":[{"href":"https:\/\/tutiendatecnologica.com\/index.php\/wp-json\/wp\/v2\/product\/194","targetHints":{"allow":["GET"]}}],"collection":[{"href":"https:\/\/tutiendatecnologica.com\/index.php\/wp-json\/wp\/v2\/product"}],"about":[{"href":"https:\/\/tutiendatecnologica.com\/index.php\/wp-json\/wp\/v2\/types\/product"}],"replies":[{"embeddable":true,"href":"https:\/\/tutiendatecnologica.com\/index.php\/wp-json\/wp\/v2\/comments?post=194"}],"wp:featuredmedia":[{"embeddable":true,"href":"https:\/\/tutiendatecnologica.com\/index.php\/wp-json\/wp\/v2\/media\/200"}],"wp:attachment":[{"href":"https:\/\/tutiendatecnologica.com\/index.php\/wp-json\/wp\/v2\/media?parent=194"}],"wp:term":[{"taxonomy":"product_brand","embeddable":true,"href":"https:\/\/tutiendatecnologica.com\/index.php\/wp-json\/wp\/v2\/product_brand?post=194"},{"taxonomy":"product_cat","embeddable":true,"href":"https:\/\/tutiendatecnologica.com\/index.php\/wp-json\/wp\/v2\/product_cat?post=194"},{"taxonomy":"product_tag","embeddable":true,"href":"https:\/\/tutiendatecnologica.com\/index.php\/wp-json\/wp\/v2\/product_tag?post=194"}],"curies":[{"name":"wp","href":"https:\/\/api.w.org\/{rel}","templated":true}]}}