{"id":201,"date":"2024-10-12T01:39:23","date_gmt":"2024-10-12T01:39:23","guid":{"rendered":"https:\/\/tutiendatecnologica.com\/?post_type=product&#038;p=201"},"modified":"2024-10-12T01:39:23","modified_gmt":"2024-10-12T01:39:23","slug":"teclado-mecanico-enkore-falcon-87-enk-1005-rainbow-sw-azul-negro","status":"publish","type":"product","link":"https:\/\/tutiendatecnologica.com\/index.php\/producto\/teclado-mecanico-enkore-falcon-87-enk-1005-rainbow-sw-azul-negro\/","title":{"rendered":"TECLADO MECANICO ENKORE FALCON 87 ENK-1005 RAINBOW (SW-AZUL) NEGRO"},"content":{"rendered":"<p>.Teclado Mec\u00e1nico 87 Teclas Rainbow.<br \/>\n.25 Teclas Anti &#8211; Ghosting: Pulsar m\u00e1s de una Teclas al mismo Tiempo sin Colisi\u00f3n de Comandos.<br \/>\n.Iluminaci\u00f3n LED Rainbow.<br \/>\n.Pulsadores Mec\u00e1nicos con Sistema de Doble Feedback (Sonoro y T\u00e1ctil).<br \/>\n.Cable Textil con Filtro de Antielectromagnetismo.<br \/>\n.Interface(Conexi\u00f3n USB).<br \/>\n.Compatible con Sistemas Windows, Linux y Otros.<\/p>\n<p>Largo 42 CM<br \/>\nCondicion del producto Nuevo<br \/>\nA\u00f1o de lanzamiento 2024<br \/>\nRequiere Serial Number No<br \/>\nAncho 3 CM<br \/>\nDetalle de la garant\u00eda 6 meses por fallas de fabrica<br \/>\nalto 15 CM<br \/>\nvendido por tutiendatecnologica.com<\/p>\n","protected":false},"excerpt":{"rendered":"<p>Los teclados mec\u00e1nicos estan dise\u00f1ados para soportar el desgaste y brindar una mejor sensaci\u00f3n de juego<br \/>\nque los teclados de membrana convencionales, as\u00ed que si juegas mucho deber\u00edas considerar uno de estos.<\/p>\n","protected":false},"featured_media":202,"comment_status":"open","ping_status":"closed","template":"","meta":{"site-sidebar-layout":"default","site-content-layout":"","ast-site-content-layout":"default","site-content-style":"default","site-sidebar-style":"default","ast-global-header-display":"","ast-banner-title-visibility":"","ast-main-header-display":"","ast-hfb-above-header-display":"","ast-hfb-below-header-display":"","ast-hfb-mobile-header-display":"","site-post-title":"","ast-breadcrumbs-content":"","ast-featured-img":"","footer-sml-layout":"","theme-transparent-header-meta":"default","adv-header-id-meta":"","stick-header-meta":"","header-above-stick-meta":"","header-main-stick-meta":"","header-below-stick-meta":"","astra-migrate-meta-layouts":"set","ast-page-background-enabled":"default","ast-page-background-meta":{"desktop":{"background-color":"var(--ast-global-color-4)","background-image":"","background-repeat":"repeat","background-position":"center center","background-size":"auto","background-attachment":"scroll","background-type":"","background-media":"","overlay-type":"","overlay-color":"","overlay-opacity":"","overlay-gradient":""},"tablet":{"background-color":"","background-image":"","background-repeat":"repeat","background-position":"center center","background-size":"auto","background-attachment":"scroll","background-type":"","background-media":"","overlay-type":"","overlay-color":"","overlay-opacity":"","overlay-gradient":""},"mobile":{"background-color":"","background-image":"","background-repeat":"repeat","background-position":"center center","background-size":"auto","background-attachment":"scroll","background-type":"","background-media":"","overlay-type":"","overlay-color":"","overlay-opacity":"","overlay-gradient":""}},"ast-content-background-meta":{"desktop":{"background-color":"var(--ast-global-color-5)","background-image":"","background-repeat":"repeat","background-position":"center center","background-size":"auto","background-attachment":"scroll","background-type":"","background-media":"","overlay-type":"","overlay-color":"","overlay-opacity":"","overlay-gradient":""},"tablet":{"background-color":"var(--ast-global-color-5)","background-image":"","background-repeat":"repeat","background-position":"center center","background-size":"auto","background-attachment":"scroll","background-type":"","background-media":"","overlay-type":"","overlay-color":"","overlay-opacity":"","overlay-gradient":""},"mobile":{"background-color":"var(--ast-global-color-5)","background-image":"","background-repeat":"repeat","background-position":"center center","background-size":"auto","background-attachment":"scroll","background-type":"","background-media":"","overlay-type":"","overlay-color":"","overlay-opacity":"","overlay-gradient":""}}},"product_brand":[],"product_cat":[22],"product_tag":[],"class_list":{"0":"post-201","1":"product","2":"type-product","3":"status-publish","4":"has-post-thumbnail","6":"product_cat-teclado-mecanicos","7":"desktop-align-left","8":"tablet-align-left","9":"mobile-align-left","11":"first","12":"instock","13":"sale","14":"shipping-taxable","15":"purchasable","16":"product-type-simple"},"_links":{"self":[{"href":"https:\/\/tutiendatecnologica.com\/index.php\/wp-json\/wp\/v2\/product\/201","targetHints":{"allow":["GET"]}}],"collection":[{"href":"https:\/\/tutiendatecnologica.com\/index.php\/wp-json\/wp\/v2\/product"}],"about":[{"href":"https:\/\/tutiendatecnologica.com\/index.php\/wp-json\/wp\/v2\/types\/product"}],"replies":[{"embeddable":true,"href":"https:\/\/tutiendatecnologica.com\/index.php\/wp-json\/wp\/v2\/comments?post=201"}],"wp:featuredmedia":[{"embeddable":true,"href":"https:\/\/tutiendatecnologica.com\/index.php\/wp-json\/wp\/v2\/media\/202"}],"wp:attachment":[{"href":"https:\/\/tutiendatecnologica.com\/index.php\/wp-json\/wp\/v2\/media?parent=201"}],"wp:term":[{"taxonomy":"product_brand","embeddable":true,"href":"https:\/\/tutiendatecnologica.com\/index.php\/wp-json\/wp\/v2\/product_brand?post=201"},{"taxonomy":"product_cat","embeddable":true,"href":"https:\/\/tutiendatecnologica.com\/index.php\/wp-json\/wp\/v2\/product_cat?post=201"},{"taxonomy":"product_tag","embeddable":true,"href":"https:\/\/tutiendatecnologica.com\/index.php\/wp-json\/wp\/v2\/product_tag?post=201"}],"curies":[{"name":"wp","href":"https:\/\/api.w.org\/{rel}","templated":true}]}}