{"id":211,"date":"2024-10-12T01:45:18","date_gmt":"2024-10-12T01:45:18","guid":{"rendered":"https:\/\/tutiendatecnologica.com\/?post_type=product&#038;p=211"},"modified":"2024-10-12T01:45:18","modified_gmt":"2024-10-12T01:45:18","slug":"teclado-premiun-gamer-mecanico-rainbowled-antiderrame-enkore-kingdom-enk1001","status":"publish","type":"product","link":"https:\/\/tutiendatecnologica.com\/index.php\/producto\/teclado-premiun-gamer-mecanico-rainbowled-antiderrame-enkore-kingdom-enk1001\/","title":{"rendered":"TECLADO PREMIUN GAMER MECANICO RAINBOWLED ANTIDERRAME ENKORE KINGDOM ENK1001"},"content":{"rendered":"<p>\u2022 Caracter\u00edsticas: \u2022 Teclado Mec\u00e1nico Multimedia Gamer.<br \/>\n\u2022 Iluminaci\u00f3n: Rainbow LED. \u2022 Sistema Antiderrame (Waterproof):<br \/>\n\u2022 Permite la Salida de L\u00edquidos en Caso de Derrame Sobre las Teclas.<br \/>\n\u2022 Teclas de Doble Inyecci\u00f3n Pl\u00e1stica:<br \/>\n\u2022 Resistentes al Borrado.<br \/>\n\u2022 12 Teclas Con Funciones Multimedia. Habilitadas Con la Tecla FN.<br \/>\n\u2022 9 Modos de Iluminaci\u00f3n.<br \/>\n\u2022 Conexi\u00f3n USB.<br \/>\n\u2022 Cable de Nylon Trenzado de 1.60 m.<br \/>\n\u2022 Distribuci\u00f3n de Teclas: Espa\u00f1ol &#8211; Espa\u00f1a.<br \/>\n\u2022 Idioma: Espa\u00f1ol &#8211; Internacional.<br \/>\n\u2022 Compatible con Sistemas Operativos Windows<\/p>\n","protected":false},"excerpt":{"rendered":"<p>*Empresa Formal Emitimos Boleta Electr\u00f3nica.<br \/>\n*Puede recogerlo en tienda o delivery.<br \/>\n*Env\u00edos a todo el Per\u00fa.<br \/>\n*No dude en consultarnos con gusto lo atenderemos.<\/p>\n","protected":false},"featured_media":214,"comment_status":"open","ping_status":"closed","template":"","meta":{"site-sidebar-layout":"default","site-content-layout":"","ast-site-content-layout":"default","site-content-style":"default","site-sidebar-style":"default","ast-global-header-display":"","ast-banner-title-visibility":"","ast-main-header-display":"","ast-hfb-above-header-display":"","ast-hfb-below-header-display":"","ast-hfb-mobile-header-display":"","site-post-title":"","ast-breadcrumbs-content":"","ast-featured-img":"","footer-sml-layout":"","theme-transparent-header-meta":"default","adv-header-id-meta":"","stick-header-meta":"","header-above-stick-meta":"","header-main-stick-meta":"","header-below-stick-meta":"","astra-migrate-meta-layouts":"set","ast-page-background-enabled":"default","ast-page-background-meta":{"desktop":{"background-color":"var(--ast-global-color-4)","background-image":"","background-repeat":"repeat","background-position":"center center","background-size":"auto","background-attachment":"scroll","background-type":"","background-media":"","overlay-type":"","overlay-color":"","overlay-opacity":"","overlay-gradient":""},"tablet":{"background-color":"","background-image":"","background-repeat":"repeat","background-position":"center center","background-size":"auto","background-attachment":"scroll","background-type":"","background-media":"","overlay-type":"","overlay-color":"","overlay-opacity":"","overlay-gradient":""},"mobile":{"background-color":"","background-image":"","background-repeat":"repeat","background-position":"center center","background-size":"auto","background-attachment":"scroll","background-type":"","background-media":"","overlay-type":"","overlay-color":"","overlay-opacity":"","overlay-gradient":""}},"ast-content-background-meta":{"desktop":{"background-color":"var(--ast-global-color-5)","background-image":"","background-repeat":"repeat","background-position":"center center","background-size":"auto","background-attachment":"scroll","background-type":"","background-media":"","overlay-type":"","overlay-color":"","overlay-opacity":"","overlay-gradient":""},"tablet":{"background-color":"var(--ast-global-color-5)","background-image":"","background-repeat":"repeat","background-position":"center center","background-size":"auto","background-attachment":"scroll","background-type":"","background-media":"","overlay-type":"","overlay-color":"","overlay-opacity":"","overlay-gradient":""},"mobile":{"background-color":"var(--ast-global-color-5)","background-image":"","background-repeat":"repeat","background-position":"center center","background-size":"auto","background-attachment":"scroll","background-type":"","background-media":"","overlay-type":"","overlay-color":"","overlay-opacity":"","overlay-gradient":""}}},"product_brand":[],"product_cat":[22],"product_tag":[],"class_list":{"0":"post-211","1":"product","2":"type-product","3":"status-publish","4":"has-post-thumbnail","6":"product_cat-teclado-mecanicos","7":"desktop-align-left","8":"tablet-align-left","9":"mobile-align-left","11":"first","12":"instock","13":"sale","14":"shipping-taxable","15":"purchasable","16":"product-type-simple"},"_links":{"self":[{"href":"https:\/\/tutiendatecnologica.com\/index.php\/wp-json\/wp\/v2\/product\/211","targetHints":{"allow":["GET"]}}],"collection":[{"href":"https:\/\/tutiendatecnologica.com\/index.php\/wp-json\/wp\/v2\/product"}],"about":[{"href":"https:\/\/tutiendatecnologica.com\/index.php\/wp-json\/wp\/v2\/types\/product"}],"replies":[{"embeddable":true,"href":"https:\/\/tutiendatecnologica.com\/index.php\/wp-json\/wp\/v2\/comments?post=211"}],"wp:featuredmedia":[{"embeddable":true,"href":"https:\/\/tutiendatecnologica.com\/index.php\/wp-json\/wp\/v2\/media\/214"}],"wp:attachment":[{"href":"https:\/\/tutiendatecnologica.com\/index.php\/wp-json\/wp\/v2\/media?parent=211"}],"wp:term":[{"taxonomy":"product_brand","embeddable":true,"href":"https:\/\/tutiendatecnologica.com\/index.php\/wp-json\/wp\/v2\/product_brand?post=211"},{"taxonomy":"product_cat","embeddable":true,"href":"https:\/\/tutiendatecnologica.com\/index.php\/wp-json\/wp\/v2\/product_cat?post=211"},{"taxonomy":"product_tag","embeddable":true,"href":"https:\/\/tutiendatecnologica.com\/index.php\/wp-json\/wp\/v2\/product_tag?post=211"}],"curies":[{"name":"wp","href":"https:\/\/api.w.org\/{rel}","templated":true}]}}